{"id":653,"date":"2024-09-04T00:22:18","date_gmt":"2024-09-04T00:22:18","guid":{"rendered":"https:\/\/www.atsegurity.com\/atswp\/home\/"},"modified":"2024-09-04T00:37:36","modified_gmt":"2024-09-04T00:37:36","slug":"home","status":"publish","type":"page","link":"https:\/\/www.atsegurity.com\/atswp\/","title":{"rendered":"Home"},"content":{"rendered":"\n\n\n\u00a0\n<p>Nuestra organizaci\u00f3n cuenta con personal altamente calificado en el sector de la seguridad; personal comprometido con el mejoramiento continuo; con visi\u00f3n especializada en la operaci\u00f3n y expansi\u00f3n, desarrollando, altos est\u00e1ndares de calidad, garantizando la satisfacci\u00f3n de nuestros clientes.<\/p>\n\n\nContact Us\n\nLearn More\n\n\n<h6><strong>AS FEATURED IN:\u200b<\/strong><\/h6>\n\n\n<figure><img loading=\"lazy\" decoding=\"async\" title=\"\" role=\"img\" src=\"https:\/\/www.atsegurity.com\/atswp\/wp-content\/uploads\/2021\/01\/logo-4.svg\" sizes=\"auto, (max-width: 480px) 150px\" srcset=\"https:\/\/www.atsegurity.com\/atswp\/wp-content\/uploads\/2021\/01\/logo-4.svg , https:\/\/www.atsegurity.com\/atswp\/wp-content\/uploads\/2021\/01\/logo-4.svg 360w\" alt=\"\" width=\"114\" height=\"64\" \/><\/figure>\n\n<figure><img loading=\"lazy\" decoding=\"async\" title=\"\" role=\"img\" src=\"https:\/\/www.atsegurity.com\/atswp\/wp-content\/uploads\/2021\/01\/logo-1.svg\" sizes=\"auto, (max-width: 480px) 150px\" srcset=\"https:\/\/www.atsegurity.com\/atswp\/wp-content\/uploads\/2021\/01\/logo-1.svg \" alt=\"\" width=\"115\" height=\"64\" \/><\/figure>\n\n<figure><img loading=\"lazy\" decoding=\"async\" title=\"\" role=\"img\" src=\"https:\/\/www.atsegurity.com\/atswp\/wp-content\/uploads\/2021\/01\/logo-2.svg\" sizes=\"auto, (max-width: 480px) 150px\" srcset=\"https:\/\/www.atsegurity.com\/atswp\/wp-content\/uploads\/2021\/01\/logo-2.svg \" alt=\"\" width=\"115\" height=\"64\" \/><\/figure>\n\n<figure><img loading=\"lazy\" decoding=\"async\" title=\"\" role=\"img\" src=\"https:\/\/www.atsegurity.com\/atswp\/wp-content\/uploads\/2021\/01\/logo-3.svg\" sizes=\"auto, (max-width: 480px) 150px\" srcset=\"https:\/\/www.atsegurity.com\/atswp\/wp-content\/uploads\/2021\/01\/logo-3.svg \" alt=\"\" width=\"115\" height=\"64\" \/><\/figure>\n\n\n\n\n\n\n<figure><img loading=\"lazy\" decoding=\"async\" title=\"\" role=\"img\" src=\"https:\/\/www.atsegurity.com\/atswp\/wp-content\/uploads\/2021\/01\/child-care-template-center-director-img.jpg\" sizes=\"auto, (max-width: 480px) 150px\" srcset=\"https:\/\/www.atsegurity.com\/atswp\/wp-content\/uploads\/2021\/01\/child-care-template-center-director-img.jpg \" alt=\"\" width=\"600\" height=\"480\" \/><\/figure>\n\n<h5>Theresa Miles<\/h5>\n<p>Center Director<\/p>\n\n\n\n\u00a0\n<h2>Create and Enhance<br \/>Comprehensive Early<br \/>Childhood Systems<\/h2>\n<p>Erat morbi gravida ut massa sociis tempus cras nunc lobortis tristique mi sollicitudin ut lectus elit est, quisque eget sed arcu praesent in gravida.<\/p>\n\n<p>\u201cDolor fermentum amet tortor cursus duis imperdiet amet, velit, amet, amet sit tincidunt morbi tristique phasellus nec pretium leo nulla cursus lectus.\u201d<\/p>\n\n\n\n\n\n\u00a0\n<h2>Featured Articles<\/h2>\n<p>Dolor ultrices facilisis odio donec massa amet mattis nunc scelerisque nunc tincidunt vitae nunc amet placerat.<\/p>\n\n\nView All Articles\n\n\n\n\n\n<figure><img loading=\"lazy\" decoding=\"async\" title=\"\" role=\"img\" src=\"https:\/\/www.atsegurity.com\/atswp\/wp-content\/uploads\/2021\/01\/child-care-template-featured-article-img-1.jpg\" sizes=\"auto, (max-width: 480px) 150px\" srcset=\"https:\/\/www.atsegurity.com\/atswp\/wp-content\/uploads\/2021\/01\/child-care-template-featured-article-img-1.jpg \" alt=\"\" width=\"368\" height=\"240\" \/><\/figure>\n\n<h4>Vulputate hendrerit libero augue etiam<\/h4>\n<p>Molestie risus, tempor duis tempus diam ornare mauris ac odio bibendum lectus blandit senectus odio nisl.<\/p>\n<a href=\"#\" target=\"_self\" rel=\"noopener noreferrer\">Read More<\/a>\n\n\n\n<figure><img loading=\"lazy\" decoding=\"async\" title=\"\" role=\"img\" src=\"https:\/\/www.atsegurity.com\/atswp\/wp-content\/uploads\/2021\/01\/child-care-template-featured-article-img-2.jpg\" sizes=\"auto, (max-width: 480px) 150px\" srcset=\"https:\/\/www.atsegurity.com\/atswp\/wp-content\/uploads\/2021\/01\/child-care-template-featured-article-img-2.jpg \" alt=\"\" width=\"368\" height=\"240\" \/><\/figure>\n\n<h4>Justo sem condimentum ante aliquam<\/h4>\n<p>Mattis adipiscing etiam ac feugiat sed consequat a donec ultrices euismod elit mauris risus diam morbi.<\/p>\n<a href=\"#\" target=\"_self\" rel=\"noopener noreferrer\">Read More<\/a>\n\n\n\n<figure><img loading=\"lazy\" decoding=\"async\" title=\"\" role=\"img\" src=\"https:\/\/www.atsegurity.com\/atswp\/wp-content\/uploads\/2021\/01\/child-care-template-featured-article-img-3.jpg\" sizes=\"auto, (max-width: 480px) 150px\" srcset=\"https:\/\/www.atsegurity.com\/atswp\/wp-content\/uploads\/2021\/01\/child-care-template-featured-article-img-3.jpg \" alt=\"\" width=\"368\" height=\"240\" \/><\/figure>\n\n<h4>Nibh tristique duis cras et<\/h4>\n<p>Quisque eleifend at sed in arcu sit eu, facilisi orci sapien, sed placerat cursus blandit amet neque, turpis ipsum dolor ultricies eget dolor enim.<\/p>\n<a href=\"#\" target=\"_self\" rel=\"noopener noreferrer\">Read More<\/a>\n\n\n\n\n\n\n\n\u00a0\n<h2>Child Care Topics\u200b<\/h2>\n<p>Imperdiet tempor purus, maecenas pretium et dolor turpis arcu nec orci arcu lacus dictum nunc, ridiculus a vestibulum sapien erat nulla ipsum magna odio.<\/p>\n\n\nVestibulum donec euismod tempor ultrices\n\nEgestas lectus amet ut elementum\n\nUt rutrum eleifend turpis vel\n\nAliquam massa tincidunt cras donec\n\n\n\n\n<figure><img loading=\"lazy\" decoding=\"async\" title=\"\" role=\"img\" src=\"https:\/\/www.atsegurity.com\/atswp\/wp-content\/uploads\/2021\/01\/child-care-template-topics-img-1.jpg\" sizes=\"auto, (max-width: 480px) 150px\" srcset=\"https:\/\/www.atsegurity.com\/atswp\/wp-content\/uploads\/2021\/01\/child-care-template-topics-img-1.jpg \" alt=\"\" width=\"284\" height=\"360\" \/><\/figure>\n\n<figure><img loading=\"lazy\" decoding=\"async\" title=\"\" role=\"img\" src=\"https:\/\/www.atsegurity.com\/atswp\/wp-content\/uploads\/2021\/01\/child-care-template-topics-img-2.jpg\" sizes=\"auto, (max-width: 480px) 150px\" srcset=\"https:\/\/www.atsegurity.com\/atswp\/wp-content\/uploads\/2021\/01\/child-care-template-topics-img-2.jpg \" alt=\"\" width=\"284\" height=\"200\" \/><\/figure>\n\n\n\n<figure><img loading=\"lazy\" decoding=\"async\" title=\"\" role=\"img\" src=\"https:\/\/www.atsegurity.com\/atswp\/wp-content\/uploads\/2021\/01\/child-care-template-topics-img-4.jpg\" sizes=\"auto, (max-width: 480px) 150px\" srcset=\"https:\/\/www.atsegurity.com\/atswp\/wp-content\/uploads\/2021\/01\/child-care-template-topics-img-4.jpg \" alt=\"\" width=\"284\" height=\"360\" \/><\/figure>\n\n<figure><img loading=\"lazy\" decoding=\"async\" title=\"\" role=\"img\" src=\"https:\/\/www.atsegurity.com\/atswp\/wp-content\/uploads\/2021\/01\/child-care-template-topics-img-3.jpg\" sizes=\"auto, (max-width: 480px) 150px\" srcset=\"https:\/\/www.atsegurity.com\/atswp\/wp-content\/uploads\/2021\/01\/child-care-template-topics-img-3.jpg \" alt=\"\" width=\"284\" height=\"200\" \/><\/figure>\n\n\n\n\u00a0\n<h2>What They Say<\/h2>\n\n\n\n<img loading=\"lazy\" decoding=\"async\" src=\"https:\/\/www.atsegurity.com\/atswp\/wp-content\/uploads\/2021\/01\/child-care-template-reviewer-img-1.jpg\" alt=\"\" width=\"80\" height=\"80\" \/>\n\u201cIn et fringilla purus volutpat viverra sed felis nibh ullamcorper massa, turpis malesuada faucibus sit tristique ut natoque vel adipiscing nisi, vitae nec.\u201d\n<h6>Jonah Schwarz<\/h6>\n\n\n\n<img loading=\"lazy\" decoding=\"async\" src=\"https:\/\/www.atsegurity.com\/atswp\/wp-content\/uploads\/2021\/01\/child-care-template-reviewer-img-2.jpg\" alt=\"\" width=\"80\" height=\"80\" \/>\n\u201cVitae purus ante enim, nec iaculis proin erat in nullam ipsum ut in vitae nec aliquam at mattis fermentum sagittis.\u201d\n<h6>Erin Lawrence<\/h6>\n\n\n\n<img loading=\"lazy\" decoding=\"async\" src=\"https:\/\/www.atsegurity.com\/atswp\/wp-content\/uploads\/2021\/01\/child-care-template-reviewer-img-3.jpg\" alt=\"\" width=\"80\" height=\"80\" \/>\n\u201cCommodo viverra platea sed mauris ac, aliquam pellentesque dui, etiam tortor, tincidunt ipsum ac at mi id vitae pretium ac vulputate odio varius.\u201d\n<h6>Teddy Park<\/h6>\n\n\n\n\n\n\u00a0\n<h2>Meet The Experts<\/h2>\n<p>Lorem ipsum dolor sit amet, consectetur adipiscing elit. Ut elit tellus, luctus nec ullamcorper mattis, pulvinar dapibus leo.<\/p>\n\n\n\n<figure><img loading=\"lazy\" decoding=\"async\" title=\"\" role=\"img\" src=\"https:\/\/www.atsegurity.com\/atswp\/wp-content\/uploads\/2021\/01\/child-care-template-expert-img-1.jpg\" sizes=\"auto, (max-width: 480px) 150px\" srcset=\"https:\/\/www.atsegurity.com\/atswp\/wp-content\/uploads\/2021\/01\/child-care-template-expert-img-1.jpg \" alt=\"\" width=\"268\" height=\"332\" \/><\/figure>\n\n<h5>Sarah B. Johnson<\/h5>\n\n\n\u00a0\n\n\u00a0\n\n\u00a0\n\n\u00a0\n\n\n\n\n<figure><img loading=\"lazy\" decoding=\"async\" title=\"\" role=\"img\" src=\"https:\/\/www.atsegurity.com\/atswp\/wp-content\/uploads\/2021\/01\/child-care-template-expert-img-2.jpg\" sizes=\"auto, (max-width: 480px) 150px\" srcset=\"https:\/\/www.atsegurity.com\/atswp\/wp-content\/uploads\/2021\/01\/child-care-template-expert-img-2.jpg \" alt=\"\" width=\"268\" height=\"332\" \/><\/figure>\n\n<h5>Alicia Michelle<\/h5>\n\n\n\u00a0\n\n\u00a0\n\n\u00a0\n\n\u00a0\n\n\n\n\n<figure><img loading=\"lazy\" decoding=\"async\" title=\"\" role=\"img\" src=\"https:\/\/www.atsegurity.com\/atswp\/wp-content\/uploads\/2021\/01\/child-care-template-expert-img-3.jpg\" sizes=\"auto, (max-width: 480px) 150px\" srcset=\"https:\/\/www.atsegurity.com\/atswp\/wp-content\/uploads\/2021\/01\/child-care-template-expert-img-3.jpg \" alt=\"\" width=\"268\" height=\"332\" \/><\/figure>\n\n<h5>Michael Rich<\/h5>\n\n\n\u00a0\n\n\u00a0\n\n\u00a0\n\n\u00a0\n\n\n\n\n","protected":false},"excerpt":{"rendered":"<p>AS FEATURED IN:\u200b Theresa Miles Center Director \u201cDolor fermentum amet tortor cursus duis imperdiet amet, velit, amet, amet sit tincidunt morbi tristique phasellus nec pretium leo nulla cursus lectus.\u201d Sarah B. Johnson Alicia Michelle Michael Rich<\/p>\n","protected":false},"author":1,"featured_media":0,"parent":0,"menu_order":0,"comment_status":"closed","ping_status":"closed","template":"","meta":{"_uag_custom_page_level_css":"","site-sidebar-layout":"no-sidebar","site-content-layout":"page-builder","ast-site-content-layout":"full-width-container","site-content-style":"unboxed","site-sidebar-style":"unboxed","ast-global-header-display":"","ast-banner-title-visibility":"","ast-main-header-display":"","ast-hfb-above-header-display":"","ast-hfb-below-header-display":"","ast-hfb-mobile-header-display":"","site-post-title":"disabled","ast-breadcrumbs-content":"","ast-featured-img":"disabled","footer-sml-layout":"","theme-transparent-header-meta":"enabled","adv-header-id-meta":"","stick-header-meta":"","header-above-stick-meta":"","header-main-stick-meta":"","header-below-stick-meta":"","astra-migrate-meta-layouts":"set","ast-page-background-enabled":"default","ast-page-background-meta":{"desktop":{"background-color":"","background-image":"","background-repeat":"repeat","background-position":"center center","background-size":"auto","background-attachment":"scroll","background-type":"","background-media":"","overlay-type":"","overlay-color":"","overlay-opacity":"","overlay-gradient":""},"tablet":{"background-color":"","background-image":"","background-repeat":"repeat","background-position":"center center","background-size":"auto","background-attachment":"scroll","background-type":"","background-media":"","overlay-type":"","overlay-color":"","overlay-opacity":"","overlay-gradient":""},"mobile":{"background-color":"","background-image":"","background-repeat":"repeat","background-position":"center center","background-size":"auto","background-attachment":"scroll","background-type":"","background-media":"","overlay-type":"","overlay-color":"","overlay-opacity":"","overlay-gradient":""}},"ast-content-background-meta":{"desktop":{"background-color":"var(--ast-global-color-5)","background-image":"","background-repeat":"repeat","background-position":"center center","background-size":"auto","background-attachment":"scroll","background-type":"","background-media":"","overlay-type":"","overlay-color":"","overlay-opacity":"","overlay-gradient":""},"tablet":{"background-color":"var(--ast-global-color-5)","background-image":"","background-repeat":"repeat","background-position":"center center","background-size":"auto","background-attachment":"scroll","background-type":"","background-media":"","overlay-type":"","overlay-color":"","overlay-opacity":"","overlay-gradient":""},"mobile":{"background-color":"var(--ast-global-color-5)","background-image":"","background-repeat":"repeat","background-position":"center center","background-size":"auto","background-attachment":"scroll","background-type":"","background-media":"","overlay-type":"","overlay-color":"","overlay-opacity":"","overlay-gradient":""}},"footnotes":""},"class_list":["post-653","page","type-page","status-publish","hentry"],"yoast_head":"<!-- This site is optimized with the Yoast SEO plugin v23.4 - https:\/\/yoast.com\/wordpress\/plugins\/seo\/ -->\n<title>Home - American Tecnology Segurity<\/title>\n<meta name=\"robots\" content=\"index, follow, max-snippet:-1, max-image-preview:large, max-video-preview:-1\" \/>\n<link rel=\"canonical\" href=\"https:\/\/www.atsegurity.com\/atswp\/\" \/>\n<meta property=\"og:locale\" content=\"es_ES\" \/>\n<meta property=\"og:type\" content=\"article\" \/>\n<meta property=\"og:title\" content=\"Home - American Tecnology Segurity\" \/>\n<meta property=\"og:description\" content=\"AS FEATURED IN:\u200b Theresa Miles Center Director \u201cDolor fermentum amet tortor cursus duis imperdiet amet, velit, amet, amet sit tincidunt morbi tristique phasellus nec pretium leo nulla cursus lectus.\u201d Sarah B. Johnson Alicia Michelle Michael Rich\" \/>\n<meta property=\"og:url\" content=\"https:\/\/www.atsegurity.com\/atswp\/\" \/>\n<meta property=\"og:site_name\" content=\"American Tecnology Segurity\" \/>\n<meta property=\"article:modified_time\" content=\"2024-09-04T00:37:36+00:00\" \/>\n<meta property=\"og:image\" content=\"https:\/\/www.atsegurity.com\/atswp\/wp-content\/uploads\/2021\/01\/logo-4.svg\" \/>\n<meta name=\"twitter:card\" content=\"summary_large_image\" \/>\n<meta name=\"twitter:label1\" content=\"Tiempo de lectura\" \/>\n\t<meta name=\"twitter:data1\" content=\"6 minutos\" \/>\n<script type=\"application\/ld+json\" class=\"yoast-schema-graph\">{\"@context\":\"https:\/\/schema.org\",\"@graph\":[{\"@type\":\"WebPage\",\"@id\":\"https:\/\/www.atsegurity.com\/atswp\/\",\"url\":\"https:\/\/www.atsegurity.com\/atswp\/\",\"name\":\"Home - American Tecnology Segurity\",\"isPartOf\":{\"@id\":\"https:\/\/www.atsegurity.com\/atswp\/#website\"},\"primaryImageOfPage\":{\"@id\":\"https:\/\/www.atsegurity.com\/atswp\/#primaryimage\"},\"image\":{\"@id\":\"https:\/\/www.atsegurity.com\/atswp\/#primaryimage\"},\"thumbnailUrl\":\"https:\/\/www.atsegurity.com\/atswp\/wp-content\/uploads\/2021\/01\/logo-4.svg\",\"datePublished\":\"2024-09-04T00:22:18+00:00\",\"dateModified\":\"2024-09-04T00:37:36+00:00\",\"breadcrumb\":{\"@id\":\"https:\/\/www.atsegurity.com\/atswp\/#breadcrumb\"},\"inLanguage\":\"es\",\"potentialAction\":[{\"@type\":\"ReadAction\",\"target\":[\"https:\/\/www.atsegurity.com\/atswp\/\"]}]},{\"@type\":\"ImageObject\",\"inLanguage\":\"es\",\"@id\":\"https:\/\/www.atsegurity.com\/atswp\/#primaryimage\",\"url\":\"https:\/\/www.atsegurity.com\/atswp\/wp-content\/uploads\/2021\/01\/logo-4.svg\",\"contentUrl\":\"https:\/\/www.atsegurity.com\/atswp\/wp-content\/uploads\/2021\/01\/logo-4.svg\"},{\"@type\":\"BreadcrumbList\",\"@id\":\"https:\/\/www.atsegurity.com\/atswp\/#breadcrumb\",\"itemListElement\":[{\"@type\":\"ListItem\",\"position\":1,\"name\":\"Portada\",\"item\":\"https:\/\/www.atsegurity.com\/atswp\/\"},{\"@type\":\"ListItem\",\"position\":2,\"name\":\"Home\"}]},{\"@type\":\"WebSite\",\"@id\":\"https:\/\/www.atsegurity.com\/atswp\/#website\",\"url\":\"https:\/\/www.atsegurity.com\/atswp\/\",\"name\":\"American Tecnology Segurity\",\"description\":\"My WordPress Blog\",\"publisher\":{\"@id\":\"https:\/\/www.atsegurity.com\/atswp\/#organization\"},\"potentialAction\":[{\"@type\":\"SearchAction\",\"target\":{\"@type\":\"EntryPoint\",\"urlTemplate\":\"https:\/\/www.atsegurity.com\/atswp\/?s={search_term_string}\"},\"query-input\":{\"@type\":\"PropertyValueSpecification\",\"valueRequired\":true,\"valueName\":\"search_term_string\"}}],\"inLanguage\":\"es\"},{\"@type\":\"Organization\",\"@id\":\"https:\/\/www.atsegurity.com\/atswp\/#organization\",\"name\":\"American Tecnology Segurity\",\"url\":\"https:\/\/www.atsegurity.com\/atswp\/\",\"logo\":{\"@type\":\"ImageObject\",\"inLanguage\":\"es\",\"@id\":\"https:\/\/www.atsegurity.com\/atswp\/#\/schema\/logo\/image\/\",\"url\":\"https:\/\/www.atsegurity.com\/atswp\/wp-content\/uploads\/2024\/09\/Logo-ATS.png\",\"contentUrl\":\"https:\/\/www.atsegurity.com\/atswp\/wp-content\/uploads\/2024\/09\/Logo-ATS.png\",\"width\":2510,\"height\":2510,\"caption\":\"American Tecnology Segurity\"},\"image\":{\"@id\":\"https:\/\/www.atsegurity.com\/atswp\/#\/schema\/logo\/image\/\"}}]}<\/script>\n<!-- \/ Yoast SEO plugin. -->","yoast_head_json":{"title":"Home - American Tecnology Segurity","robots":{"index":"index","follow":"follow","max-snippet":"max-snippet:-1","max-image-preview":"max-image-preview:large","max-video-preview":"max-video-preview:-1"},"canonical":"https:\/\/www.atsegurity.com\/atswp\/","og_locale":"es_ES","og_type":"article","og_title":"Home - American Tecnology Segurity","og_description":"AS FEATURED IN:\u200b Theresa Miles Center Director \u201cDolor fermentum amet tortor cursus duis imperdiet amet, velit, amet, amet sit tincidunt morbi tristique phasellus nec pretium leo nulla cursus lectus.\u201d Sarah B. Johnson Alicia Michelle Michael Rich","og_url":"https:\/\/www.atsegurity.com\/atswp\/","og_site_name":"American Tecnology Segurity","article_modified_time":"2024-09-04T00:37:36+00:00","og_image":[{"url":"https:\/\/www.atsegurity.com\/atswp\/wp-content\/uploads\/2021\/01\/logo-4.svg"}],"twitter_card":"summary_large_image","twitter_misc":{"Tiempo de lectura":"6 minutos"},"schema":{"@context":"https:\/\/schema.org","@graph":[{"@type":"WebPage","@id":"https:\/\/www.atsegurity.com\/atswp\/","url":"https:\/\/www.atsegurity.com\/atswp\/","name":"Home - American Tecnology Segurity","isPartOf":{"@id":"https:\/\/www.atsegurity.com\/atswp\/#website"},"primaryImageOfPage":{"@id":"https:\/\/www.atsegurity.com\/atswp\/#primaryimage"},"image":{"@id":"https:\/\/www.atsegurity.com\/atswp\/#primaryimage"},"thumbnailUrl":"https:\/\/www.atsegurity.com\/atswp\/wp-content\/uploads\/2021\/01\/logo-4.svg","datePublished":"2024-09-04T00:22:18+00:00","dateModified":"2024-09-04T00:37:36+00:00","breadcrumb":{"@id":"https:\/\/www.atsegurity.com\/atswp\/#breadcrumb"},"inLanguage":"es","potentialAction":[{"@type":"ReadAction","target":["https:\/\/www.atsegurity.com\/atswp\/"]}]},{"@type":"ImageObject","inLanguage":"es","@id":"https:\/\/www.atsegurity.com\/atswp\/#primaryimage","url":"https:\/\/www.atsegurity.com\/atswp\/wp-content\/uploads\/2021\/01\/logo-4.svg","contentUrl":"https:\/\/www.atsegurity.com\/atswp\/wp-content\/uploads\/2021\/01\/logo-4.svg"},{"@type":"BreadcrumbList","@id":"https:\/\/www.atsegurity.com\/atswp\/#breadcrumb","itemListElement":[{"@type":"ListItem","position":1,"name":"Portada","item":"https:\/\/www.atsegurity.com\/atswp\/"},{"@type":"ListItem","position":2,"name":"Home"}]},{"@type":"WebSite","@id":"https:\/\/www.atsegurity.com\/atswp\/#website","url":"https:\/\/www.atsegurity.com\/atswp\/","name":"American Tecnology Segurity","description":"My WordPress Blog","publisher":{"@id":"https:\/\/www.atsegurity.com\/atswp\/#organization"},"potentialAction":[{"@type":"SearchAction","target":{"@type":"EntryPoint","urlTemplate":"https:\/\/www.atsegurity.com\/atswp\/?s={search_term_string}"},"query-input":{"@type":"PropertyValueSpecification","valueRequired":true,"valueName":"search_term_string"}}],"inLanguage":"es"},{"@type":"Organization","@id":"https:\/\/www.atsegurity.com\/atswp\/#organization","name":"American Tecnology Segurity","url":"https:\/\/www.atsegurity.com\/atswp\/","logo":{"@type":"ImageObject","inLanguage":"es","@id":"https:\/\/www.atsegurity.com\/atswp\/#\/schema\/logo\/image\/","url":"https:\/\/www.atsegurity.com\/atswp\/wp-content\/uploads\/2024\/09\/Logo-ATS.png","contentUrl":"https:\/\/www.atsegurity.com\/atswp\/wp-content\/uploads\/2024\/09\/Logo-ATS.png","width":2510,"height":2510,"caption":"American Tecnology Segurity"},"image":{"@id":"https:\/\/www.atsegurity.com\/atswp\/#\/schema\/logo\/image\/"}}]}},"uagb_featured_image_src":{"full":false,"thumbnail":false,"medium":false,"medium_large":false,"large":false,"1536x1536":false,"2048x2048":false},"uagb_author_info":{"display_name":"admin","author_link":"https:\/\/www.atsegurity.com\/atswp\/author\/admin\/"},"uagb_comment_info":0,"uagb_excerpt":"AS FEATURED IN:\u200b Theresa Miles Center Director \u201cDolor fermentum amet tortor cursus duis imperdiet amet, velit, amet, amet sit tincidunt morbi tristique phasellus nec pretium leo nulla cursus lectus.\u201d Sarah B. Johnson Alicia Michelle Michael Rich","_links":{"self":[{"href":"https:\/\/www.atsegurity.com\/atswp\/wp-json\/wp\/v2\/pages\/653","targetHints":{"allow":["GET"]}}],"collection":[{"href":"https:\/\/www.atsegurity.com\/atswp\/wp-json\/wp\/v2\/pages"}],"about":[{"href":"https:\/\/www.atsegurity.com\/atswp\/wp-json\/wp\/v2\/types\/page"}],"author":[{"embeddable":true,"href":"https:\/\/www.atsegurity.com\/atswp\/wp-json\/wp\/v2\/users\/1"}],"replies":[{"embeddable":true,"href":"https:\/\/www.atsegurity.com\/atswp\/wp-json\/wp\/v2\/comments?post=653"}],"version-history":[{"count":5,"href":"https:\/\/www.atsegurity.com\/atswp\/wp-json\/wp\/v2\/pages\/653\/revisions"}],"predecessor-version":[{"id":1540,"href":"https:\/\/www.atsegurity.com\/atswp\/wp-json\/wp\/v2\/pages\/653\/revisions\/1540"}],"wp:attachment":[{"href":"https:\/\/www.atsegurity.com\/atswp\/wp-json\/wp\/v2\/media?parent=653"}],"curies":[{"name":"wp","href":"https:\/\/api.w.org\/{rel}","templated":true}]}}